{"id":2,"date":"2014-02-09T15:57:10","date_gmt":"2014-02-09T13:57:10","guid":{"rendered":"http:\/\/schnarr-immobilien.de\/?page_id=2"},"modified":"2014-08-19T09:19:06","modified_gmt":"2014-08-19T07:19:06","slug":"sample-page","status":"publish","type":"page","link":"https:\/\/schnarr-immobilien.de\/?page_id=2","title":{"rendered":"\u00dcber mich"},"content":{"rendered":"<p>Mein Name ist Andrea Schnarr. Geboren wurde ich in K\u00f6ln. Da meine Eltern sowohl eine Konditorei wie auch ein Immobilienb\u00fcro erfolgreich betrieben haben, bin ich bereits von klein an in das Dienstleistungsgewerbe hereingewachsen. Schon fr\u00fch habe ich meinen Vater nach der Schule bei Besichtigungs- und Notarterminen begleitet und die anfallenden Sekretariatsaufgaben \u00fcbernommen. F\u00fcr mich war daher auch schnell klar, dass ich nach meinem Abitur die Ausbildung zur Kauffrau der Grundst\u00fccks- und Wohnungswirtschaft absolvieren w\u00fcrde. Kompletiert habe ich diese Ausbildung mit dem nebenberuflichen Studium an der Verwaltungs- und Wirtschaftsakademie in Freiburg zur Immobilienwirtin Dipl-VWA sowie zur Fachwirtin der Grundst\u00fccks- und Wohnungswirtschaft IHK. W\u00e4hrend meines beruflichen Werdegangs habe ich sowohl bei einem kleinen Bautr\u00e4ger und Makler wie auch in gro\u00dfen Konzernen gearbeitet. Zuletzt war ich bei einer Tochtergesellschaft der Firma Bilfinger AG als Niederlassungsleiterin t\u00e4tig. Im Jahr 2007 gab ich die Stelle als Niederlassungsleiterin auf um mich selbst\u00e4ndig zu machen.<\/p>\n<p>Meinen genauen beruflichen Werdegang k\u00f6nnen Sie in dem Men\u00fcpunkt &#8222;Meine beruflichen Stationen&#8220; nachlesen.<\/p>\n<p>&nbsp;<\/p>\n","protected":false},"excerpt":{"rendered":"<p>Mein Name ist Andrea Schnarr. Geboren wurde ich in K\u00f6ln. Da meine Eltern sowohl eine Konditorei wie auch ein Immobilienb\u00fcro erfolgreich betrieben haben, bin ich bereits von klein an in das Dienstleistungsgewerbe hereingewachsen. Schon fr\u00fch habe ich meinen Vater nach der Schule bei Besichtigungs- und Notarterminen begleitet und die anfallenden Sekretariatsaufgaben \u00fcbernommen. F\u00fcr mich war<\/p>\n","protected":false},"author":1,"featured_media":0,"parent":0,"menu_order":0,"comment_status":"closed","ping_status":"closed","template":"","meta":{"footnotes":""},"class_list":["post-2","page","type-page","status-publish","hentry"],"_links":{"self":[{"href":"https:\/\/schnarr-immobilien.de\/index.php?rest_route=\/wp\/v2\/pages\/2","targetHints":{"allow":["GET"]}}],"collection":[{"href":"https:\/\/schnarr-immobilien.de\/index.php?rest_route=\/wp\/v2\/pages"}],"about":[{"href":"https:\/\/schnarr-immobilien.de\/index.php?rest_route=\/wp\/v2\/types\/page"}],"author":[{"embeddable":true,"href":"https:\/\/schnarr-immobilien.de\/index.php?rest_route=\/wp\/v2\/users\/1"}],"replies":[{"embeddable":true,"href":"https:\/\/schnarr-immobilien.de\/index.php?rest_route=%2Fwp%2Fv2%2Fcomments&post=2"}],"version-history":[{"count":8,"href":"https:\/\/schnarr-immobilien.de\/index.php?rest_route=\/wp\/v2\/pages\/2\/revisions"}],"predecessor-version":[{"id":104,"href":"https:\/\/schnarr-immobilien.de\/index.php?rest_route=\/wp\/v2\/pages\/2\/revisions\/104"}],"wp:attachment":[{"href":"https:\/\/schnarr-immobilien.de\/index.php?rest_route=%2Fwp%2Fv2%2Fmedia&parent=2"}],"curies":[{"name":"wp","href":"https:\/\/api.w.org\/{rel}","templated":true}]}}