{"id":43,"date":"2014-02-14T15:07:04","date_gmt":"2014-02-14T13:07:04","guid":{"rendered":"http:\/\/schnarr-immobilien.de\/?page_id=43"},"modified":"2014-05-06T18:22:40","modified_gmt":"2014-05-06T16:22:40","slug":"nebenkostenabrechnung","status":"publish","type":"page","link":"https:\/\/schnarr-immobilien.de\/?page_id=43","title":{"rendered":"Nebenkostenabrechnung"},"content":{"rendered":"<p>Die Nebenkostenabrechnung erstelle ich gem\u00e4\u00df Kundenwunsch in der f\u00fcr Ihn geeigneten Form digital. Die Nebenkostenabrechnung besteht in der Regel aus den nachfolgenden Tabellen:<\/p>\n<ol>\n<li>Gesamtkostenaufstellung der umlagef\u00e4higen Nebenkosten<\/li>\n<li>Nebenkostenmatrix<\/li>\n<li>Aufstellung der Mieter und Fl\u00e4chen im Abrechnungszeitraum<\/li>\n<li>Mietereinzelblatt (aufgeteilt in um- und nicht umlagef\u00e4hige Nebenkosten)<\/li>\n<li>Kontrollblatt<\/li>\n<\/ol>\n","protected":false},"excerpt":{"rendered":"<p>Die Nebenkostenabrechnung erstelle ich gem\u00e4\u00df Kundenwunsch in der f\u00fcr Ihn geeigneten Form digital. Die Nebenkostenabrechnung besteht in der Regel aus den nachfolgenden Tabellen: Gesamtkostenaufstellung der umlagef\u00e4higen Nebenkosten Nebenkostenmatrix Aufstellung der Mieter und Fl\u00e4chen im Abrechnungszeitraum Mietereinzelblatt (aufgeteilt in um- und nicht umlagef\u00e4hige Nebenkosten) Kontrollblatt<\/p>\n","protected":false},"author":1,"featured_media":0,"parent":0,"menu_order":0,"comment_status":"closed","ping_status":"closed","template":"","meta":{"footnotes":""},"class_list":["post-43","page","type-page","status-publish","hentry"],"_links":{"self":[{"href":"https:\/\/schnarr-immobilien.de\/index.php?rest_route=\/wp\/v2\/pages\/43","targetHints":{"allow":["GET"]}}],"collection":[{"href":"https:\/\/schnarr-immobilien.de\/index.php?rest_route=\/wp\/v2\/pages"}],"about":[{"href":"https:\/\/schnarr-immobilien.de\/index.php?rest_route=\/wp\/v2\/types\/page"}],"author":[{"embeddable":true,"href":"https:\/\/schnarr-immobilien.de\/index.php?rest_route=\/wp\/v2\/users\/1"}],"replies":[{"embeddable":true,"href":"https:\/\/schnarr-immobilien.de\/index.php?rest_route=%2Fwp%2Fv2%2Fcomments&post=43"}],"version-history":[{"count":2,"href":"https:\/\/schnarr-immobilien.de\/index.php?rest_route=\/wp\/v2\/pages\/43\/revisions"}],"predecessor-version":[{"id":46,"href":"https:\/\/schnarr-immobilien.de\/index.php?rest_route=\/wp\/v2\/pages\/43\/revisions\/46"}],"wp:attachment":[{"href":"https:\/\/schnarr-immobilien.de\/index.php?rest_route=%2Fwp%2Fv2%2Fmedia&parent=43"}],"curies":[{"name":"wp","href":"https:\/\/api.w.org\/{rel}","templated":true}]}}