{"id":50,"date":"2014-02-14T15:15:53","date_gmt":"2014-02-14T13:15:53","guid":{"rendered":"http:\/\/schnarr-immobilien.de\/?page_id=50"},"modified":"2014-05-06T18:52:12","modified_gmt":"2014-05-06T16:52:12","slug":"meine-beruflichen-stationen","status":"publish","type":"page","link":"https:\/\/schnarr-immobilien.de\/?page_id=50","title":{"rendered":"Meine beruflichen Stationen"},"content":{"rendered":"<p>1991 \u2013 1993<br \/>\nConcordia Bau und Boden AG, K\u00f6ln<br \/>\nAusbildung<\/p>\n<p>01.08.1993 \u2013 31.03.1995<br \/>\nBeerlage + Teupel Immobilien, K\u00f6ln<br \/>\nArchitekturb\u00fcro und Bautr\u00e4ger<\/p>\n<p>01.04.1995 \u2013 30.11.1995<br \/>\nImmobilien Roland J. Schnarr, K\u00f6ln<br \/>\nSchwerpunkte Akquisition, Verkauf und<br \/>\nVermietung<\/p>\n<p>01.12.1995 \u2013 13.04.1997<br \/>\nEr\u00f6ffnung der Niederlassung Immobilien<br \/>\nRoland J. Schnarr in Mannheim<\/p>\n<p>14.04.1997 &#8211; 15.10.1997<br \/>\nDombrowski &amp; Walter Bauprojekte GmbH, Heidelberg<br \/>\nSchwerpunkt Vermietung und Verwaltung<br \/>\nvon Gewerbeimmobilien<\/p>\n<p>01.11.1997 \u2013 31.01.2000<br \/>\nS\u00fcba Treurent Immbilien GmbH, Hockenheim<br \/>\nSchwerpunkt Vermietung und Verwaltung von<br \/>\nWohn- und Gewerbeobjekten<\/p>\n<p>01.02.2000 \u2013 31.08.2001<br \/>\nFay Facility Management GmbH<br \/>\nProjektleiterin Vermietungsmanagement und<br \/>\nkaufm\u00e4nnische Geb\u00e4udebewirtschaftung<br \/>\nSchwerpunkt Vermietung und Verwaltung von<br \/>\nGewerbeimmobilien<\/p>\n<p>01.09.2001 \u2013 31.03.2007<br \/>\nBilfinger Berger AG, T\u00e4tigkeit bei verschiedenen<br \/>\nTochtergesellschaften<br \/>\nNiederlassungsleiterin<br \/>\nSchwerpunkt Leitung der kaufm\u00e4nnischen<br \/>\nGeb\u00e4udeverwaltung (Vermietung, Verwaltung<br \/>\nund Verkauf von Wohn- und Gewerbeimmobilien)<\/p>\n","protected":false},"excerpt":{"rendered":"<p>1991 \u2013 1993 Concordia Bau und Boden AG, K\u00f6ln Ausbildung 01.08.1993 \u2013 31.03.1995 Beerlage + Teupel Immobilien, K\u00f6ln Architekturb\u00fcro und Bautr\u00e4ger 01.04.1995 \u2013 30.11.1995 Immobilien Roland J. Schnarr, K\u00f6ln Schwerpunkte Akquisition, Verkauf und Vermietung 01.12.1995 \u2013 13.04.1997 Er\u00f6ffnung der Niederlassung Immobilien Roland J. Schnarr in Mannheim 14.04.1997 &#8211; 15.10.1997 Dombrowski &amp; Walter Bauprojekte GmbH, Heidelberg<\/p>\n","protected":false},"author":1,"featured_media":0,"parent":0,"menu_order":0,"comment_status":"closed","ping_status":"closed","template":"","meta":{"footnotes":""},"class_list":["post-50","page","type-page","status-publish","hentry"],"_links":{"self":[{"href":"https:\/\/schnarr-immobilien.de\/index.php?rest_route=\/wp\/v2\/pages\/50","targetHints":{"allow":["GET"]}}],"collection":[{"href":"https:\/\/schnarr-immobilien.de\/index.php?rest_route=\/wp\/v2\/pages"}],"about":[{"href":"https:\/\/schnarr-immobilien.de\/index.php?rest_route=\/wp\/v2\/types\/page"}],"author":[{"embeddable":true,"href":"https:\/\/schnarr-immobilien.de\/index.php?rest_route=\/wp\/v2\/users\/1"}],"replies":[{"embeddable":true,"href":"https:\/\/schnarr-immobilien.de\/index.php?rest_route=%2Fwp%2Fv2%2Fcomments&post=50"}],"version-history":[{"count":4,"href":"https:\/\/schnarr-immobilien.de\/index.php?rest_route=\/wp\/v2\/pages\/50\/revisions"}],"predecessor-version":[{"id":102,"href":"https:\/\/schnarr-immobilien.de\/index.php?rest_route=\/wp\/v2\/pages\/50\/revisions\/102"}],"wp:attachment":[{"href":"https:\/\/schnarr-immobilien.de\/index.php?rest_route=%2Fwp%2Fv2%2Fmedia&parent=50"}],"curies":[{"name":"wp","href":"https:\/\/api.w.org\/{rel}","templated":true}]}}