{"id":53,"date":"2014-02-14T15:19:15","date_gmt":"2014-02-14T13:19:15","guid":{"rendered":"http:\/\/schnarr-immobilien.de\/?page_id=53"},"modified":"2014-05-06T18:22:17","modified_gmt":"2014-05-06T16:22:17","slug":"mein-bildungsweg","status":"publish","type":"page","link":"https:\/\/schnarr-immobilien.de\/?page_id=53","title":{"rendered":"Mein Bildungsweg"},"content":{"rendered":"<ul>\n<li>1991 \u2013 1993 Kauffrau der Grundst\u00fccks- und Wohnungswirtschaft \u00a0K\u00f6ln<\/li>\n<li>Abschlu\u00df Juni 1993, (H\u00f6selabschlu\u00df)<\/li>\n<li>1994 \u2013 1995 berufsbegleitendes Studium<\/li>\n<li>Verwaltungs- und Wirtschaftsakademie in Freiburg<\/li>\n<li>Abschluss Immobilienwirtin (Dipl.-VWA)<\/li>\n<\/ul>\n<p>Mit gesonderter Anerkennung der Deutschen Immobilien Akademie Fachwirtin in der Grundst\u00fccks- und Wohnungs- Wirtschaft, Pr\u00fcfungsabnahme durch die Industrie- und Handelskammer<\/p>\n","protected":false},"excerpt":{"rendered":"<p>1991 \u2013 1993 Kauffrau der Grundst\u00fccks- und Wohnungswirtschaft \u00a0K\u00f6ln Abschlu\u00df Juni 1993, (H\u00f6selabschlu\u00df) 1994 \u2013 1995 berufsbegleitendes Studium Verwaltungs- und Wirtschaftsakademie in Freiburg Abschluss Immobilienwirtin (Dipl.-VWA) Mit gesonderter Anerkennung der Deutschen Immobilien Akademie Fachwirtin in der Grundst\u00fccks- und Wohnungs- Wirtschaft, Pr\u00fcfungsabnahme durch die Industrie- und Handelskammer<\/p>\n","protected":false},"author":1,"featured_media":0,"parent":0,"menu_order":0,"comment_status":"closed","ping_status":"closed","template":"","meta":{"footnotes":""},"class_list":["post-53","page","type-page","status-publish","hentry"],"_links":{"self":[{"href":"https:\/\/schnarr-immobilien.de\/index.php?rest_route=\/wp\/v2\/pages\/53","targetHints":{"allow":["GET"]}}],"collection":[{"href":"https:\/\/schnarr-immobilien.de\/index.php?rest_route=\/wp\/v2\/pages"}],"about":[{"href":"https:\/\/schnarr-immobilien.de\/index.php?rest_route=\/wp\/v2\/types\/page"}],"author":[{"embeddable":true,"href":"https:\/\/schnarr-immobilien.de\/index.php?rest_route=\/wp\/v2\/users\/1"}],"replies":[{"embeddable":true,"href":"https:\/\/schnarr-immobilien.de\/index.php?rest_route=%2Fwp%2Fv2%2Fcomments&post=53"}],"version-history":[{"count":1,"href":"https:\/\/schnarr-immobilien.de\/index.php?rest_route=\/wp\/v2\/pages\/53\/revisions"}],"predecessor-version":[{"id":55,"href":"https:\/\/schnarr-immobilien.de\/index.php?rest_route=\/wp\/v2\/pages\/53\/revisions\/55"}],"wp:attachment":[{"href":"https:\/\/schnarr-immobilien.de\/index.php?rest_route=%2Fwp%2Fv2%2Fmedia&parent=53"}],"curies":[{"name":"wp","href":"https:\/\/api.w.org\/{rel}","templated":true}]}}